{"id":11892,"date":"2025-02-20T17:49:44","date_gmt":"2025-02-20T16:49:44","guid":{"rendered":"https:\/\/immolaescapada.com\/la-region\/"},"modified":"2025-06-04T09:48:42","modified_gmt":"2025-06-04T07:48:42","slug":"la-region","status":"publish","type":"page","link":"https:\/\/immolaescapada.com\/es\/la-region\/","title":{"rendered":"La regi\u00f3n"},"content":{"rendered":"\t\t<div data-elementor-type=\"wp-page\" data-elementor-id=\"11892\" class=\"elementor elementor-11892 elementor-4317\">\n\t\t\t\t<div class=\"elementor-element elementor-element-8ee5140 e-flex e-con-boxed e-con e-parent\" data-id=\"8ee5140\" data-element_type=\"container\" data-e-type=\"container\">\n\t\t\t\t\t<div class=\"e-con-inner\">\n\t\t\t\t<div class=\"elementor-element elementor-element-17fc102 elementor-widget elementor-widget-text-editor\" data-id=\"17fc102\" data-element_type=\"widget\" data-e-type=\"widget\" data-widget_type=\"text-editor.default\">\n\t\t\t\t<div class=\"elementor-widget-container\">\n\t\t\t\t\t\t\t\t\t<h3>\u00a1La casa de sus sue\u00f1os en nuestra Costa!<\/h3><p>Bienvenido a la Costa Blanca Norte, una de las regiones m\u00e1s bellas y codiciadas de Espa\u00f1a. Situada en la costa de la provincia de Alicante, esta regi\u00f3n le ofrece todo lo que busca: \u00ab<em>un lugar ideal para vivir<\/em>\u00bb, \u00ab<em>una inversi\u00f3n rentable<\/em>\u00bb o \u00ab<em>una dichosa casa de vacaciones<\/em>\u00bb. <\/p><p>Nuestra Costa es conocida por su impresionante naturaleza, sus pintorescos pueblos y su agradable clima mediterr\u00e1neo. Con m\u00e1s de 300 d\u00edas de sol al a\u00f1o, es el destino ideal para los amantes de la vida al aire libre y para quienes gustan de disfrutar de un clima muy saludable y suave durante todo el a\u00f1o. <\/p><h3>Un lugar de ensue\u00f1o junto al mar<\/h3><p>La regi\u00f3n ofrece impresionantes vistas del mar Mediterr\u00e1neo, con aguas cristalinas y largas playas de arena dorada intercaladas con calas escarpadas de aguas azules. Tanto si le gusta disfrutar de un relajante d\u00eda de playa, practicar deportes acu\u00e1ticos o simplemente dar tranquilos paseos por la costa o por el interior salvaje, nuestra Costa lo tiene todo. Desde las encantadoras calas de Benissa, Moraira y J\u00e1vea hasta las animadas ciudades costeras de Altea y Denia, hay algo para todos los gustos.  <\/p><h3>Hermosa naturaleza y verdes alrededores<\/h3><p>La zona no s\u00f3lo es conocida por sus playas, sino tambi\u00e9n por sus verdes colinas, altas monta\u00f1as y extensos vi\u00f1edos. Para los amantes de la naturaleza, abundan las rutas de senderismo y ciclismo por los impresionantes paisajes que se expresan en una belleza natural sin igual. <\/p><h3>Convivencia y cultura<\/h3><p>La Costa Blanca Norte tambi\u00e9n es muy rica en cultura. La regi\u00f3n tiene un ambiente c\u00e1lido y acogedor apreciado por los habitantes. Descubra la arquitectura tradicional espa\u00f1ola en los cascos antiguos, deguste la gastronom\u00eda local en los acogedores restaurantes y mercados, y disfrute de los numerosos festivales culturales que se celebran a lo largo del a\u00f1o.  <\/p><h3>Un lugar excelente para vivir o invertir<\/h3><p>Con una gran variedad de propiedades que van desde villas de lujo con vistas al mar, fincas tradicionales en el interior de la costa hasta pisos modernos en el coraz\u00f3n de nuestros pueblos, la Costa Blanca Norte ofrece la ubicaci\u00f3n ideal para la casa de sus sue\u00f1os. Tanto si busca un hogar permanente como una casa de vacaciones, la regi\u00f3n ofrece excelentes oportunidades inmobiliarias en un entorno seguro y tranquilo. <\/p>\t\t\t\t\t\t\t\t<\/div>\n\t\t\t\t<\/div>\n\t\t\t\t\t<\/div>\n\t\t\t\t<\/div>\n\t\t<div class=\"elementor-element elementor-element-5267347 e-flex e-con-boxed e-con e-parent\" data-id=\"5267347\" data-element_type=\"container\" data-e-type=\"container\">\n\t\t\t\t\t<div class=\"e-con-inner\">\n\t\t\t\t<div class=\"elementor-element elementor-element-c70ebfd elementor-hidden-mobile elementor-widget elementor-widget-image-gallery\" data-id=\"c70ebfd\" data-element_type=\"widget\" data-e-type=\"widget\" data-widget_type=\"image-gallery.default\">\n\t\t\t\t<div class=\"elementor-widget-container\">\n\t\t\t\t\t\t\t<div class=\"elementor-image-gallery\">\n\t\t\t<div data-carousel-extra='{&quot;blog_id&quot;:1,&quot;permalink&quot;:&quot;https:\/\/immolaescapada.com\/over-de-streek\/&quot;}' id='gallery-1' class='gallery galleryid-11892 gallery-columns-4 gallery-size-houzez-item-image-4'><figure class='gallery-item'>\n\t\t\t<div class='gallery-icon landscape'>\n\t\t\t\t<a data-elementor-open-lightbox=\"yes\" data-elementor-lightbox-slideshow=\"c70ebfd\" data-elementor-lightbox-title=\"IMG_3754\" data-e-action-hash=\"#elementor-action%3Aaction%3Dlightbox%26settings%3DeyJpZCI6NjA4MCwidXJsIjoiaHR0cHM6XC9cL2ltbW9sYWVzY2FwYWRhLmNvbVwvd3AtY29udGVudFwvdXBsb2Fkc1wvMjAyNVwvMDNcL0lNR18zNzU0LTEuanBlZyIsInNsaWRlc2hvdyI6ImM3MGViZmQifQ%3D%3D\" href=\"https:\/\/i0.wp.com\/immolaescapada.com\/wp-content\/uploads\/2025\/03\/IMG_3754-1.jpeg?ssl=1\"><img fetchpriority=\"high\" decoding=\"async\" width=\"758\" height=\"564\" src=\"https:\/\/i0.wp.com\/immolaescapada.com\/wp-content\/uploads\/2025\/03\/IMG_3754-1.jpeg?resize=758%2C564&amp;ssl=1\" class=\"attachment-houzez-item-image-4 size-houzez-item-image-4\" alt=\"\" srcset=\"https:\/\/i0.wp.com\/immolaescapada.com\/wp-content\/uploads\/2025\/03\/IMG_3754-1.jpeg?resize=758%2C564&amp;ssl=1 758w, https:\/\/i0.wp.com\/immolaescapada.com\/wp-content\/uploads\/2025\/03\/IMG_3754-1.jpeg?resize=120%2C90&amp;ssl=1 120w, https:\/\/i0.wp.com\/immolaescapada.com\/wp-content\/uploads\/2025\/03\/IMG_3754-1.jpeg?zoom=2&amp;resize=758%2C564&amp;ssl=1 1516w, https:\/\/i0.wp.com\/immolaescapada.com\/wp-content\/uploads\/2025\/03\/IMG_3754-1.jpeg?zoom=3&amp;resize=758%2C564&amp;ssl=1 2274w\" sizes=\"(max-width: 758px) 100vw, 758px\" data-attachment-id=\"6080\" data-permalink=\"https:\/\/immolaescapada.com\/about-us\/img_3754-2\/\" data-orig-file=\"https:\/\/i0.wp.com\/immolaescapada.com\/wp-content\/uploads\/2025\/03\/IMG_3754-1.jpeg?fit=4032%2C3024&amp;ssl=1\" data-orig-size=\"4032,3024\" data-comments-opened=\"1\" data-image-meta=\"{&quot;aperture&quot;:&quot;1.8&quot;,&quot;credit&quot;:&quot;&quot;,&quot;camera&quot;:&quot;iPhone X&quot;,&quot;caption&quot;:&quot;&quot;,&quot;created_timestamp&quot;:&quot;1572450481&quot;,&quot;copyright&quot;:&quot;&quot;,&quot;focal_length&quot;:&quot;4&quot;,&quot;iso&quot;:&quot;20&quot;,&quot;shutter_speed&quot;:&quot;0.0033333333333333&quot;,&quot;title&quot;:&quot;&quot;,&quot;orientation&quot;:&quot;1&quot;}\" data-image-title=\"IMG_3754\" data-image-description=\"\" data-image-caption=\"\" data-large-file=\"https:\/\/i0.wp.com\/immolaescapada.com\/wp-content\/uploads\/2025\/03\/IMG_3754-1.jpeg?fit=1024%2C768&amp;ssl=1\" \/><\/a>\n\t\t\t<\/div><\/figure><figure class='gallery-item'>\n\t\t\t<div class='gallery-icon landscape'>\n\t\t\t\t<a data-elementor-open-lightbox=\"yes\" data-elementor-lightbox-slideshow=\"c70ebfd\" data-elementor-lightbox-title=\"WhatsApp Image 2025-02-05 at 13.08.54 (6)\" data-e-action-hash=\"#elementor-action%3Aaction%3Dlightbox%26settings%3DeyJpZCI6NjA1OCwidXJsIjoiaHR0cHM6XC9cL2ltbW9sYWVzY2FwYWRhLmNvbVwvd3AtY29udGVudFwvdXBsb2Fkc1wvMjAyNVwvMDNcL1doYXRzQXBwLUltYWdlLTIwMjUtMDItMDUtYXQtMTMuMDguNTQtNi5qcGVnIiwic2xpZGVzaG93IjoiYzcwZWJmZCJ9\" href=\"https:\/\/i0.wp.com\/immolaescapada.com\/wp-content\/uploads\/2025\/03\/WhatsApp-Image-2025-02-05-at-13.08.54-6.jpeg?ssl=1\"><img decoding=\"async\" width=\"758\" height=\"564\" src=\"https:\/\/i0.wp.com\/immolaescapada.com\/wp-content\/uploads\/2025\/03\/WhatsApp-Image-2025-02-05-at-13.08.54-6.jpeg?resize=758%2C564&amp;ssl=1\" class=\"attachment-houzez-item-image-4 size-houzez-item-image-4\" alt=\"\" srcset=\"https:\/\/i0.wp.com\/immolaescapada.com\/wp-content\/uploads\/2025\/03\/WhatsApp-Image-2025-02-05-at-13.08.54-6.jpeg?resize=758%2C564&amp;ssl=1 758w, https:\/\/i0.wp.com\/immolaescapada.com\/wp-content\/uploads\/2025\/03\/WhatsApp-Image-2025-02-05-at-13.08.54-6.jpeg?resize=120%2C90&amp;ssl=1 120w, https:\/\/i0.wp.com\/immolaescapada.com\/wp-content\/uploads\/2025\/03\/WhatsApp-Image-2025-02-05-at-13.08.54-6.jpeg?zoom=2&amp;resize=758%2C564&amp;ssl=1 1516w\" sizes=\"(max-width: 758px) 100vw, 758px\" data-attachment-id=\"6058\" data-permalink=\"https:\/\/immolaescapada.com\/about-us\/whatsapp-image-2025-02-05-at-13-08-54-6-2\/\" data-orig-file=\"https:\/\/i0.wp.com\/immolaescapada.com\/wp-content\/uploads\/2025\/03\/WhatsApp-Image-2025-02-05-at-13.08.54-6.jpeg?fit=1600%2C1200&amp;ssl=1\" data-orig-size=\"1600,1200\" data-comments-opened=\"1\" data-image-meta=\"{&quot;aperture&quot;:&quot;0&quot;,&quot;credit&quot;:&quot;&quot;,&quot;camera&quot;:&quot;&quot;,&quot;caption&quot;:&quot;&quot;,&quot;created_timestamp&quot;:&quot;0&quot;,&quot;copyright&quot;:&quot;&quot;,&quot;focal_length&quot;:&quot;0&quot;,&quot;iso&quot;:&quot;0&quot;,&quot;shutter_speed&quot;:&quot;0&quot;,&quot;title&quot;:&quot;&quot;,&quot;orientation&quot;:&quot;0&quot;}\" data-image-title=\"WhatsApp Image 2025-02-05 at 13.08.54 (6)\" data-image-description=\"\" data-image-caption=\"\" data-large-file=\"https:\/\/i0.wp.com\/immolaescapada.com\/wp-content\/uploads\/2025\/03\/WhatsApp-Image-2025-02-05-at-13.08.54-6.jpeg?fit=1024%2C768&amp;ssl=1\" \/><\/a>\n\t\t\t<\/div><\/figure><figure class='gallery-item'>\n\t\t\t<div class='gallery-icon landscape'>\n\t\t\t\t<a data-elementor-open-lightbox=\"yes\" data-elementor-lightbox-slideshow=\"c70ebfd\" data-elementor-lightbox-title=\"Spanje2021-52\" data-e-action-hash=\"#elementor-action%3Aaction%3Dlightbox%26settings%3DeyJpZCI6NDk0OSwidXJsIjoiaHR0cHM6XC9cL2ltbW9sYWVzY2FwYWRhLmNvbVwvd3AtY29udGVudFwvdXBsb2Fkc1wvMjAyNVwvMDJcL1NwYW5qZTIwMjEtNTIuanBnIiwic2xpZGVzaG93IjoiYzcwZWJmZCJ9\" href=\"https:\/\/i0.wp.com\/immolaescapada.com\/wp-content\/uploads\/2025\/02\/Spanje2021-52.jpg?ssl=1\"><img decoding=\"async\" width=\"758\" height=\"564\" src=\"https:\/\/i0.wp.com\/immolaescapada.com\/wp-content\/uploads\/2025\/02\/Spanje2021-52.jpg?resize=758%2C564&amp;ssl=1\" class=\"attachment-houzez-item-image-4 size-houzez-item-image-4\" alt=\"\" srcset=\"https:\/\/i0.wp.com\/immolaescapada.com\/wp-content\/uploads\/2025\/02\/Spanje2021-52.jpg?resize=758%2C564&amp;ssl=1 758w, https:\/\/i0.wp.com\/immolaescapada.com\/wp-content\/uploads\/2025\/02\/Spanje2021-52.jpg?resize=120%2C90&amp;ssl=1 120w, https:\/\/i0.wp.com\/immolaescapada.com\/wp-content\/uploads\/2025\/02\/Spanje2021-52.jpg?zoom=2&amp;resize=758%2C564&amp;ssl=1 1516w\" sizes=\"(max-width: 758px) 100vw, 758px\" data-attachment-id=\"4949\" data-permalink=\"https:\/\/immolaescapada.com\/spanje2021-52\/\" data-orig-file=\"https:\/\/i0.wp.com\/immolaescapada.com\/wp-content\/uploads\/2025\/02\/Spanje2021-52.jpg?fit=2000%2C2000&amp;ssl=1\" data-orig-size=\"2000,2000\" data-comments-opened=\"1\" data-image-meta=\"{&quot;aperture&quot;:&quot;0&quot;,&quot;credit&quot;:&quot;&quot;,&quot;camera&quot;:&quot;&quot;,&quot;caption&quot;:&quot;&quot;,&quot;created_timestamp&quot;:&quot;0&quot;,&quot;copyright&quot;:&quot;Tom Talloen&quot;,&quot;focal_length&quot;:&quot;0&quot;,&quot;iso&quot;:&quot;0&quot;,&quot;shutter_speed&quot;:&quot;0&quot;,&quot;title&quot;:&quot;&quot;,&quot;orientation&quot;:&quot;1&quot;}\" data-image-title=\"Spanje2021-52\" data-image-description=\"\" data-image-caption=\"\" data-large-file=\"https:\/\/i0.wp.com\/immolaescapada.com\/wp-content\/uploads\/2025\/02\/Spanje2021-52.jpg?fit=1024%2C1024&amp;ssl=1\" \/><\/a>\n\t\t\t<\/div><\/figure><figure class='gallery-item'>\n\t\t\t<div class='gallery-icon landscape'>\n\t\t\t\t<a data-elementor-open-lightbox=\"yes\" data-elementor-lightbox-slideshow=\"c70ebfd\" data-elementor-lightbox-title=\"Spanje2021-47\" data-e-action-hash=\"#elementor-action%3Aaction%3Dlightbox%26settings%3DeyJpZCI6NDk0OCwidXJsIjoiaHR0cHM6XC9cL2ltbW9sYWVzY2FwYWRhLmNvbVwvd3AtY29udGVudFwvdXBsb2Fkc1wvMjAyNVwvMDJcL1NwYW5qZTIwMjEtNDcuanBnIiwic2xpZGVzaG93IjoiYzcwZWJmZCJ9\" href=\"https:\/\/i0.wp.com\/immolaescapada.com\/wp-content\/uploads\/2025\/02\/Spanje2021-47.jpg?ssl=1\"><img loading=\"lazy\" decoding=\"async\" width=\"758\" height=\"564\" src=\"https:\/\/i0.wp.com\/immolaescapada.com\/wp-content\/uploads\/2025\/02\/Spanje2021-47.jpg?resize=758%2C564&amp;ssl=1\" class=\"attachment-houzez-item-image-4 size-houzez-item-image-4\" alt=\"\" srcset=\"https:\/\/i0.wp.com\/immolaescapada.com\/wp-content\/uploads\/2025\/02\/Spanje2021-47.jpg?resize=758%2C564&amp;ssl=1 758w, https:\/\/i0.wp.com\/immolaescapada.com\/wp-content\/uploads\/2025\/02\/Spanje2021-47.jpg?resize=120%2C90&amp;ssl=1 120w, https:\/\/i0.wp.com\/immolaescapada.com\/wp-content\/uploads\/2025\/02\/Spanje2021-47.jpg?zoom=2&amp;resize=758%2C564&amp;ssl=1 1516w, https:\/\/i0.wp.com\/immolaescapada.com\/wp-content\/uploads\/2025\/02\/Spanje2021-47.jpg?zoom=3&amp;resize=758%2C564&amp;ssl=1 2274w\" sizes=\"(max-width: 758px) 100vw, 758px\" data-attachment-id=\"4948\" data-permalink=\"https:\/\/immolaescapada.com\/spanje2021-47\/\" data-orig-file=\"https:\/\/i0.wp.com\/immolaescapada.com\/wp-content\/uploads\/2025\/02\/Spanje2021-47.jpg?fit=2997%2C2000&amp;ssl=1\" data-orig-size=\"2997,2000\" data-comments-opened=\"1\" data-image-meta=\"{&quot;aperture&quot;:&quot;0&quot;,&quot;credit&quot;:&quot;&quot;,&quot;camera&quot;:&quot;&quot;,&quot;caption&quot;:&quot;&quot;,&quot;created_timestamp&quot;:&quot;0&quot;,&quot;copyright&quot;:&quot;Tom Talloen&quot;,&quot;focal_length&quot;:&quot;0&quot;,&quot;iso&quot;:&quot;0&quot;,&quot;shutter_speed&quot;:&quot;0&quot;,&quot;title&quot;:&quot;&quot;,&quot;orientation&quot;:&quot;1&quot;}\" data-image-title=\"Spanje2021-47\" data-image-description=\"\" data-image-caption=\"\" data-large-file=\"https:\/\/i0.wp.com\/immolaescapada.com\/wp-content\/uploads\/2025\/02\/Spanje2021-47.jpg?fit=1024%2C683&amp;ssl=1\" \/><\/a>\n\t\t\t<\/div><\/figure><figure class='gallery-item'>\n\t\t\t<div class='gallery-icon landscape'>\n\t\t\t\t<a data-elementor-open-lightbox=\"yes\" data-elementor-lightbox-slideshow=\"c70ebfd\" data-elementor-lightbox-title=\"oppo_1024\" data-e-action-hash=\"#elementor-action%3Aaction%3Dlightbox%26settings%3DeyJpZCI6NDkzOCwidXJsIjoiaHR0cHM6XC9cL2ltbW9sYWVzY2FwYWRhLmNvbVwvd3AtY29udGVudFwvdXBsb2Fkc1wvMjAyNVwvMDJcL0lNRzIwMjEwMzEwMTUzMTA1LmpwZyIsInNsaWRlc2hvdyI6ImM3MGViZmQifQ%3D%3D\" href=\"https:\/\/i0.wp.com\/immolaescapada.com\/wp-content\/uploads\/2025\/02\/IMG20210310153105.jpg?ssl=1\"><img loading=\"lazy\" decoding=\"async\" width=\"758\" height=\"564\" src=\"https:\/\/i0.wp.com\/immolaescapada.com\/wp-content\/uploads\/2025\/02\/IMG20210310153105.jpg?resize=758%2C564&amp;ssl=1\" class=\"attachment-houzez-item-image-4 size-houzez-item-image-4\" alt=\"\" aria-describedby=\"gallery-1-4938\" srcset=\"https:\/\/i0.wp.com\/immolaescapada.com\/wp-content\/uploads\/2025\/02\/IMG20210310153105.jpg?resize=758%2C564&amp;ssl=1 758w, https:\/\/i0.wp.com\/immolaescapada.com\/wp-content\/uploads\/2025\/02\/IMG20210310153105.jpg?resize=120%2C90&amp;ssl=1 120w, https:\/\/i0.wp.com\/immolaescapada.com\/wp-content\/uploads\/2025\/02\/IMG20210310153105.jpg?zoom=2&amp;resize=758%2C564&amp;ssl=1 1516w, https:\/\/i0.wp.com\/immolaescapada.com\/wp-content\/uploads\/2025\/02\/IMG20210310153105.jpg?zoom=3&amp;resize=758%2C564&amp;ssl=1 2274w\" sizes=\"(max-width: 758px) 100vw, 758px\" data-attachment-id=\"4938\" data-permalink=\"https:\/\/immolaescapada.com\/oppo_1024\/\" data-orig-file=\"https:\/\/i0.wp.com\/immolaescapada.com\/wp-content\/uploads\/2025\/02\/IMG20210310153105.jpg?fit=4000%2C3000&amp;ssl=1\" data-orig-size=\"4000,3000\" data-comments-opened=\"1\" data-image-meta=\"{&quot;aperture&quot;:&quot;1.7&quot;,&quot;credit&quot;:&quot;&quot;,&quot;camera&quot;:&quot;OPPO A72&quot;,&quot;caption&quot;:&quot;oppo_1024&quot;,&quot;created_timestamp&quot;:&quot;1615390265&quot;,&quot;copyright&quot;:&quot;&quot;,&quot;focal_length&quot;:&quot;4.71&quot;,&quot;iso&quot;:&quot;103&quot;,&quot;shutter_speed&quot;:&quot;0.000281&quot;,&quot;title&quot;:&quot;oppo_1024&quot;,&quot;orientation&quot;:&quot;1&quot;}\" data-image-title=\"oppo_1024\" data-image-description=\"\" data-image-caption=\"&lt;p&gt;oppo_1024&lt;\/p&gt;\n\" data-large-file=\"https:\/\/i0.wp.com\/immolaescapada.com\/wp-content\/uploads\/2025\/02\/IMG20210310153105.jpg?fit=1024%2C768&amp;ssl=1\" \/><\/a>\n\t\t\t<\/div>\n\t\t\t\t<figcaption class='wp-caption-text gallery-caption' id='gallery-1-4938'>\n\t\t\t\toppo_1024\n\t\t\t\t<\/figcaption><\/figure><figure class='gallery-item'>\n\t\t\t<div class='gallery-icon landscape'>\n\t\t\t\t<a data-elementor-open-lightbox=\"yes\" data-elementor-lightbox-slideshow=\"c70ebfd\" data-elementor-lightbox-title=\"dsc08370-fileminimizer\" data-e-action-hash=\"#elementor-action%3Aaction%3Dlightbox%26settings%3DeyJpZCI6NDkyOCwidXJsIjoiaHR0cHM6XC9cL2ltbW9sYWVzY2FwYWRhLmNvbVwvd3AtY29udGVudFwvdXBsb2Fkc1wvMjAyNVwvMDJcL2RzYzA4MzcwLWZpbGVtaW5pbWl6ZXIuanBnIiwic2xpZGVzaG93IjoiYzcwZWJmZCJ9\" href=\"https:\/\/i0.wp.com\/immolaescapada.com\/wp-content\/uploads\/2025\/02\/dsc08370-fileminimizer.jpg?ssl=1\"><img loading=\"lazy\" decoding=\"async\" width=\"758\" height=\"564\" src=\"https:\/\/i0.wp.com\/immolaescapada.com\/wp-content\/uploads\/2025\/02\/dsc08370-fileminimizer.jpg?resize=758%2C564&amp;ssl=1\" class=\"attachment-houzez-item-image-4 size-houzez-item-image-4\" alt=\"\" srcset=\"https:\/\/i0.wp.com\/immolaescapada.com\/wp-content\/uploads\/2025\/02\/dsc08370-fileminimizer.jpg?resize=758%2C564&amp;ssl=1 758w, https:\/\/i0.wp.com\/immolaescapada.com\/wp-content\/uploads\/2025\/02\/dsc08370-fileminimizer.jpg?resize=120%2C90&amp;ssl=1 120w\" sizes=\"(max-width: 758px) 100vw, 758px\" data-attachment-id=\"4928\" data-permalink=\"https:\/\/immolaescapada.com\/dsc08370-fileminimizer\/\" data-orig-file=\"https:\/\/i0.wp.com\/immolaescapada.com\/wp-content\/uploads\/2025\/02\/dsc08370-fileminimizer.jpg?fit=1024%2C768&amp;ssl=1\" data-orig-size=\"1024,768\" data-comments-opened=\"1\" data-image-meta=\"{&quot;aperture&quot;:&quot;0&quot;,&quot;credit&quot;:&quot;&quot;,&quot;camera&quot;:&quot;&quot;,&quot;caption&quot;:&quot;&quot;,&quot;created_timestamp&quot;:&quot;0&quot;,&quot;copyright&quot;:&quot;&quot;,&quot;focal_length&quot;:&quot;0&quot;,&quot;iso&quot;:&quot;0&quot;,&quot;shutter_speed&quot;:&quot;0&quot;,&quot;title&quot;:&quot;&quot;,&quot;orientation&quot;:&quot;0&quot;}\" data-image-title=\"dsc08370-fileminimizer\" data-image-description=\"\" data-image-caption=\"\" data-large-file=\"https:\/\/i0.wp.com\/immolaescapada.com\/wp-content\/uploads\/2025\/02\/dsc08370-fileminimizer.jpg?fit=1024%2C768&amp;ssl=1\" \/><\/a>\n\t\t\t<\/div><\/figure><figure class='gallery-item'>\n\t\t\t<div class='gallery-icon landscape'>\n\t\t\t\t<a data-elementor-open-lightbox=\"yes\" data-elementor-lightbox-slideshow=\"c70ebfd\" data-elementor-lightbox-title=\"342388-Alicante\" data-e-action-hash=\"#elementor-action%3Aaction%3Dlightbox%26settings%3DeyJpZCI6MTE5MDEsInVybCI6Imh0dHBzOlwvXC9pbW1vbGFlc2NhcGFkYS5jb21cL3dwLWNvbnRlbnRcL3VwbG9hZHNcLzIwMjVcLzAzXC8zNDIzODgtQWxpY2FudGUuanBnIiwic2xpZGVzaG93IjoiYzcwZWJmZCJ9\" href=\"https:\/\/i0.wp.com\/immolaescapada.com\/wp-content\/uploads\/2025\/03\/342388-Alicante.jpg?ssl=1\"><img loading=\"lazy\" decoding=\"async\" width=\"758\" height=\"564\" src=\"https:\/\/i0.wp.com\/immolaescapada.com\/wp-content\/uploads\/2025\/03\/342388-Alicante.jpg?resize=758%2C564&amp;ssl=1\" class=\"attachment-houzez-item-image-4 size-houzez-item-image-4\" alt=\"\" srcset=\"https:\/\/i0.wp.com\/immolaescapada.com\/wp-content\/uploads\/2025\/03\/342388-Alicante.jpg?resize=758%2C564&amp;ssl=1 758w, https:\/\/i0.wp.com\/immolaescapada.com\/wp-content\/uploads\/2025\/03\/342388-Alicante.jpg?resize=120%2C90&amp;ssl=1 120w, https:\/\/i0.wp.com\/immolaescapada.com\/wp-content\/uploads\/2025\/03\/342388-Alicante.jpg?zoom=2&amp;resize=758%2C564&amp;ssl=1 1516w, https:\/\/i0.wp.com\/immolaescapada.com\/wp-content\/uploads\/2025\/03\/342388-Alicante.jpg?zoom=3&amp;resize=758%2C564&amp;ssl=1 2274w\" sizes=\"(max-width: 758px) 100vw, 758px\" data-attachment-id=\"11901\" data-permalink=\"https:\/\/immolaescapada.com\/342388-alicante-2\/\" data-orig-file=\"https:\/\/i0.wp.com\/immolaescapada.com\/wp-content\/uploads\/2025\/03\/342388-Alicante.jpg?fit=2560%2C1440&amp;ssl=1\" data-orig-size=\"2560,1440\" data-comments-opened=\"1\" data-image-meta=\"{&quot;aperture&quot;:&quot;0&quot;,&quot;credit&quot;:&quot;&quot;,&quot;camera&quot;:&quot;&quot;,&quot;caption&quot;:&quot;&quot;,&quot;created_timestamp&quot;:&quot;0&quot;,&quot;copyright&quot;:&quot;&quot;,&quot;focal_length&quot;:&quot;0&quot;,&quot;iso&quot;:&quot;0&quot;,&quot;shutter_speed&quot;:&quot;0&quot;,&quot;title&quot;:&quot;&quot;,&quot;orientation&quot;:&quot;0&quot;}\" data-image-title=\"342388-Alicante\" data-image-description=\"\" data-image-caption=\"\" data-large-file=\"https:\/\/i0.wp.com\/immolaescapada.com\/wp-content\/uploads\/2025\/03\/342388-Alicante.jpg?fit=1024%2C576&amp;ssl=1\" \/><\/a>\n\t\t\t<\/div><\/figure><figure class='gallery-item'>\n\t\t\t<div class='gallery-icon portrait'>\n\t\t\t\t<a data-elementor-open-lightbox=\"yes\" data-elementor-lightbox-slideshow=\"c70ebfd\" data-elementor-lightbox-title=\"WhatsApp Image 2025-06-04 at 09.34.13\" data-e-action-hash=\"#elementor-action%3Aaction%3Dlightbox%26settings%3DeyJpZCI6NDg5NjcsInVybCI6Imh0dHBzOlwvXC9pbW1vbGFlc2NhcGFkYS5jb21cL3dwLWNvbnRlbnRcL3VwbG9hZHNcLzIwMjVcLzA2XC9XaGF0c0FwcC1JbWFnZS0yMDI1LTA2LTA0LWF0LTA5LjM0LjEzLTMuanBlZyIsInNsaWRlc2hvdyI6ImM3MGViZmQifQ%3D%3D\" href=\"https:\/\/i0.wp.com\/immolaescapada.com\/wp-content\/uploads\/2025\/06\/WhatsApp-Image-2025-06-04-at-09.34.13-3.jpeg?ssl=1\"><img loading=\"lazy\" decoding=\"async\" width=\"758\" height=\"564\" src=\"https:\/\/i0.wp.com\/immolaescapada.com\/wp-content\/uploads\/2025\/06\/WhatsApp-Image-2025-06-04-at-09.34.13-3.jpeg?resize=758%2C564&amp;ssl=1\" class=\"attachment-houzez-item-image-4 size-houzez-item-image-4\" alt=\"\" srcset=\"https:\/\/i0.wp.com\/immolaescapada.com\/wp-content\/uploads\/2025\/06\/WhatsApp-Image-2025-06-04-at-09.34.13-3.jpeg?resize=758%2C564&amp;ssl=1 758w, https:\/\/i0.wp.com\/immolaescapada.com\/wp-content\/uploads\/2025\/06\/WhatsApp-Image-2025-06-04-at-09.34.13-3.jpeg?resize=120%2C90&amp;ssl=1 120w\" sizes=\"(max-width: 758px) 100vw, 758px\" data-attachment-id=\"48967\" data-permalink=\"https:\/\/immolaescapada.com\/whatsapp-image-2025-06-04-at-09-34-13-4\/\" data-orig-file=\"https:\/\/i0.wp.com\/immolaescapada.com\/wp-content\/uploads\/2025\/06\/WhatsApp-Image-2025-06-04-at-09.34.13-3.jpeg?fit=1204%2C1600&amp;ssl=1\" data-orig-size=\"1204,1600\" data-comments-opened=\"1\" data-image-meta=\"{&quot;aperture&quot;:&quot;0&quot;,&quot;credit&quot;:&quot;&quot;,&quot;camera&quot;:&quot;&quot;,&quot;caption&quot;:&quot;&quot;,&quot;created_timestamp&quot;:&quot;0&quot;,&quot;copyright&quot;:&quot;&quot;,&quot;focal_length&quot;:&quot;0&quot;,&quot;iso&quot;:&quot;0&quot;,&quot;shutter_speed&quot;:&quot;0&quot;,&quot;title&quot;:&quot;&quot;,&quot;orientation&quot;:&quot;0&quot;}\" data-image-title=\"WhatsApp Image 2025-06-04 at 09.34.13\" data-image-description=\"\" data-image-caption=\"\" data-large-file=\"https:\/\/i0.wp.com\/immolaescapada.com\/wp-content\/uploads\/2025\/06\/WhatsApp-Image-2025-06-04-at-09.34.13-3.jpeg?fit=771%2C1024&amp;ssl=1\" \/><\/a>\n\t\t\t<\/div><\/figure>\n\t\t<\/div>\n\t\t<\/div>\n\t\t\t\t\t\t<\/div>\n\t\t\t\t<\/div>\n\t\t\t\t\t<\/div>\n\t\t\t\t<\/div>\n\t\t\t\t<\/div>\n\t\t","protected":false},"excerpt":{"rendered":"<p>\u00a1La casa de sus sue\u00f1os en nuestra Costa! Bienvenido a la Costa Blanca Norte, una de las regiones m\u00e1s bellas y codiciadas de Espa\u00f1a. Situada en la costa de la provincia de Alicante, esta regi\u00f3n le ofrece todo lo que busca: \u00abun lugar ideal para vivir\u00bb, \u00abuna inversi\u00f3n rentable\u00bb o \u00abuna dichosa casa de vacaciones\u00bb. [&hellip;]<\/p>\n","protected":false},"author":230987969,"featured_media":0,"parent":0,"menu_order":0,"comment_status":"closed","ping_status":"closed","template":"elementor_header_footer","meta":{"om_disable_all_campaigns":false,"_monsterinsights_skip_tracking":false,"_monsterinsights_sitenote_active":false,"_monsterinsights_sitenote_note":"","_monsterinsights_sitenote_category":0,"footnotes":""},"class_list":["post-11892","page","type-page","status-publish","hentry"],"aioseo_notices":[],"jetpack_likes_enabled":false,"jetpack_sharing_enabled":true,"jetpack_shortlink":"https:\/\/wp.me\/Pgkpr9-35O","jetpack-related-posts":[],"_links":{"self":[{"href":"https:\/\/immolaescapada.com\/es\/wp-json\/wp\/v2\/pages\/11892","targetHints":{"allow":["GET"]}}],"collection":[{"href":"https:\/\/immolaescapada.com\/es\/wp-json\/wp\/v2\/pages"}],"about":[{"href":"https:\/\/immolaescapada.com\/es\/wp-json\/wp\/v2\/types\/page"}],"author":[{"embeddable":true,"href":"https:\/\/immolaescapada.com\/es\/wp-json\/wp\/v2\/users\/230987969"}],"replies":[{"embeddable":true,"href":"https:\/\/immolaescapada.com\/es\/wp-json\/wp\/v2\/comments?post=11892"}],"version-history":[{"count":6,"href":"https:\/\/immolaescapada.com\/es\/wp-json\/wp\/v2\/pages\/11892\/revisions"}],"predecessor-version":[{"id":48973,"href":"https:\/\/immolaescapada.com\/es\/wp-json\/wp\/v2\/pages\/11892\/revisions\/48973"}],"wp:attachment":[{"href":"https:\/\/immolaescapada.com\/es\/wp-json\/wp\/v2\/media?parent=11892"}],"curies":[{"name":"wp","href":"https:\/\/api.w.org\/{rel}","templated":true}]}}